{"id":16667,"date":"2022-11-30T08:06:41","date_gmt":"2022-11-30T07:06:41","guid":{"rendered":"https:\/\/www.xn--schlsseldienst-mnchen-cicm.de\/blog\/"},"modified":"2026-01-07T03:57:19","modified_gmt":"2026-01-07T02:57:19","slug":"blog","status":"publish","type":"page","link":"https:\/\/www.xn--schlsseldienst-mnchen-cicm.de\/en\/blog\/","title":{"rendered":"Blog"},"content":{"rendered":"<p>[et_pb_section fb_built=\u201d1\u2033 custom_padding_last_edited=\u201don|phone\u201d disabled_on=\u201doff|off|off\u201d admin_label=\u201dCall To Action\u201d module_class=\u201dasyncImage image_header_01 header_image_subpage\u201d _builder_version=\u201d4.16\u2033 use_background_color_gradient=\u201don\u201d background_color_gradient_direction=\u201d70deg\u201d background_color_gradient_stops=\u201drgba(0,0,0,0.57) 0%|rgba(0,0,0,0.13) 100%\u201d background_color_gradient_overlays_image=\u201don\u201d background_color_gradient_start=\u201drgba(0,0,0,0.57)\u201d background_color_gradient_end=\u201drgba(0,0,0,0.13)\u201d background_image=\u201dhttps:\/\/www.xn--schlsseldienst-mnchen-cicm.de\/wp-content\/uploads\/schluesseldienst-muenchen-header-bild-1.webp\u201d background_position=\u201dcenter_left\u201d custom_padding=\u201d||||true|false\u201d custom_padding_tablet=\u201d||||true\u201d custom_padding_phone=\u201d|||\u201d locked=\u201doff\u201d global_colors_info=\u201d{}\u201d][et_pb_row _builder_version=\u201d4.16\u2033 custom_margin=\u201d|||\u201d custom_padding=\u201d25px|0|27px|0|false|false\u201d use_custom_width=\u201don\u201d global_colors_info=\u201d{}\u201d][et_pb_column type=\u201d4_4\u2033 _builder_version=\u201d4.16\u2033 custom_padding=\u201d|||\u201d global_colors_info=\u201d{}\u201d custom_padding__hover=\u201d|||\u201d][et_pb_text _builder_version=\u201d4.27.4\u2033 text_font=\u201d||||||||\u201d text_line_height=\u201d1.2em\u201d header_font=\u201d||||||||\u201d background_layout=\u201ddark\u201d custom_margin_tablet=\u201d||18px|\u201d custom_margin_phone=\u201d\u201d custom_margin_last_edited=\u201don|phone\u201d header_font_size_tablet=\u201d70px\u201d header_font_size_phone=\u201d50px\u201d header_font_size_last_edited=\u201don|desktop\u201d text_text_shadow_style=\u201dpreset2\u2033 locked=\u201doff\u201d global_colors_info=\u201d{}\u201d]<\/p>\n<h1 class=\"header_title\">Blog<\/h1>\n<p class=\"header_subtitle\"><span>Information for you regarding door openings &amp; burglary protection<\/span><\/p>\n<p>[\/et_pb_text][et_pb_button button_url=\u201dtel:+498933090090\u2033 button_text=\u201d089 330 900 90\u2033 module_class=\u201dlocksmith-btn\u201d _builder_version=\u201d4.27.4\u2033 custom_button=\u201don\u201d button_text_size=\u201d22px\u201d button_text_color=\u201d#ffffff\u201d button_bg_color=\u201d#1884b8\u2033 button_border_width=\u201d6px\u201d button_border_color=\u201d#1884b8\u2033 button_border_radius=\u201d5px\u201d button_letter_spacing=\u201d0px\u201d button_font=\u201d|700|||||||\u201d button_use_icon=\u201doff\u201d custom_padding=\u201d7px||8px|40px|false|false\u201d button_text_size_phone=\u201d20px\u201d button_text_size_last_edited=\u201doff|desktop\u201d custom_css_free_form=\u201d.locksmith-btn{||  background-image: url(\u2018\/wp-content\/uploads\/call.webp\u2019)!important;||    background-position: 4% center;||    background-repeat: no-repeat;||    background-size: 11%;||  ||}||body #page-container .et_pb_section .et_pb_button_module_wrapper.et_pb_button_0_wrapper.et_pb_module a.et_pb_button.locksmith-btn{||      padding-right: 10px !important;||}\u201d button_text_color_hover=\u201d#ffffff\u201d button_letter_spacing_hover=\u201d0px\u201d saved_tabs=\u201dall\u201d global_colors_info=\u201d{}\u201d button_text_size__hover_enabled=\u201doff\u201d button_one_text_size__hover_enabled=\u201doff\u201d button_two_text_size__hover_enabled=\u201doff\u201d button_text_color__hover_enabled=\u201don\u201d button_text_color__hover=\u201d#ffffff\u201d button_one_text_color__hover_enabled=\u201doff\u201d button_two_text_color__hover_enabled=\u201doff\u201d button_border_width__hover_enabled=\u201don\u201d button_one_border_width__hover_enabled=\u201doff\u201d button_two_border_width__hover_enabled=\u201doff\u201d button_border_color__hover_enabled=\u201don\u201d button_one_border_color__hover_enabled=\u201doff\u201d button_two_border_color__hover_enabled=\u201doff\u201d button_border_radius__hover_enabled=\u201don\u201d button_one_border_radius__hover_enabled=\u201doff\u201d button_two_border_radius__hover_enabled=\u201doff\u201d button_letter_spacing__hover_enabled=\u201don\u201d button_letter_spacing__hover=\u201d0px\u201d button_one_letter_spacing__hover_enabled=\u201doff\u201d button_two_letter_spacing__hover_enabled=\u201doff\u201d button_bg_color__hover_enabled=\u201don\u201d button_one_bg_color__hover_enabled=\u201doff\u201d button_two_bg_color__hover_enabled=\u201doff\u201d button_bg_color__hover=\u201d#1c99d5\u2033 button_border_color__hover=\u201d#1c99d5\u2033 button_border_width__hover=\u201d6px\u201d button_border_radius__hover=\u201d5px\u201d][\/et_pb_button][\/et_pb_column][\/et_pb_row][\/et_pb_section][et_pb_section fb_built=\u201d1\u2033 _builder_version=\u201d4.18.0\u2033 _module_preset=\u201ddefault\u201d custom_margin=\u201d0px||0px||true|false\u201d custom_padding=\u201d0px||0px||true|false\u201d global_colors_info=\u201d{}\u201d][et_pb_row column_structure=\u201d2_3,1_3\u2033 make_equal=\u201don\u201d _builder_version=\u201d4.18.0\u2033 _module_preset=\u201ddefault\u201d custom_margin=\u201d0px||0px||true|false\u201d custom_padding=\u201d0px||0px||true|false\u201d global_colors_info=\u201d{}\u201d][et_pb_column type=\u201d2_3\u2033 _builder_version=\u201d4.18.0\u2033 _module_preset=\u201ddefault\u201d custom_padding=\u201d50px|25px|50px||true|false\u201d global_colors_info=\u201d{}\u201d][et_pb_blog include_categories=\u201d12\u2033 show_more=\u201don\u201d _builder_version=\u201d4.27.4\u2033 _module_preset=\u201ddefault\u201d read_more_text_color=\u201d#666666\u2033 read_more_font_size=\u201d20px\u201d read_more_line_height=\u201d1.8em\u201d global_colors_info=\u201d{}\u201d][\/et_pb_blog][\/et_pb_column][et_pb_column type=\u201d1_3\u2033 _builder_version=\u201d4.18.0\u2033 _module_preset=\u201ddefault\u201d custom_padding=\u201d50px||50px|25px|true|false\u201d border_width_left=\u201d1px\u201d border_color_left=\u201d#e2e2e2\u2033 global_colors_info=\u201d{}\u201d][et_pb_text _builder_version=\u201d4.27.5\u2033 _module_preset=\u201ddefault\u201d hover_enabled=\u201d0\u2033 global_colors_info=\u201d{}\u201d header_3_font_size=\u201d26px\u201d sticky_enabled=\u201d0\u2033]<\/p>\n<h3><span>Latest Posts<\/span><\/h3>\n<p>[\/et_pb_text][et_pb_code _builder_version=\u201d4.27.4\u2033 _module_preset=\u201ddefault\u201d global_colors_info=\u201d{}\u201d]    <\/p><div class=\"showcase-popular-posts\">\n        <div class=\"row\">\n                                    <article id=\"posts-22510\" class=\"blog-article featured-article col col-xsmall-full article-1 col-large-one-third post-22510 post type-post status-publish format-standard has-post-thumbnail hentry category-police-reports category-polizeiberichte\" style=\"margin-bottom: 20px; padding-bottom: 20px; border-bottom: 1px solid #DEDEDE;\">\n                            <div class=\"article-inner-wrapper\" style=\"grid-template-columns: 40% 60%; grid-gap: 10px;\">\n                                <div class=\"con-col\">\n                                    <a href=\"https:\/\/www.xn--schlsseldienst-mnchen-cicm.de\/en\/alarming-incident-in-munich-laim\/\" rel=\"bookmark\" style=\"border-radius: 10px; \n                                        width: 100%;\n                                        display: block;\n                                        background-size: cover;\n\t\t\t\t\t\t\t\t\t\tbackground-position:center;\t\t\n                                        background-image: url(https:\/\/www.xn--schlsseldienst-mnchen-cicm.de\/wp-content\/uploads\/einbruchversuch-laim.webp );\">\n                                                                          <\/a>\n                                <\/div>\n                                <div class=\"con-col\">\n                                    <div class=\"entry-header\">\n                                        <h4 class=\"entry-title\"><a href=\"https:\/\/www.xn--schlsseldienst-mnchen-cicm.de\/en\/alarming-incident-in-munich-laim\/\" rel=\"bookmark\">Alarming incident in Munich-Laim<\/a><\/h4>                                        <span style=\"color : #888888; font-size: 13px;\">  25. March 2026  <\/span>\n                                    <\/div><!-- .entry-header -->\n                                <\/div><!-- .entry-wrapper -->\n                            <\/div><!-- .article-inner-wrapper -->\n                        <\/article><!-- #post-## -->\n                                                <article id=\"posts-22436\" class=\"blog-article featured-article col col-xsmall-full article-2 col-large-one-third post-22436 post type-post status-publish format-standard has-post-thumbnail hentry category-lock-technology-en\" style=\"margin-bottom: 20px; padding-bottom: 20px; border-bottom: 1px solid #DEDEDE;\">\n                            <div class=\"article-inner-wrapper\" style=\"grid-template-columns: 40% 60%; grid-gap: 10px;\">\n                                <div class=\"con-col\">\n                                    <a href=\"https:\/\/www.xn--schlsseldienst-mnchen-cicm.de\/en\/geze-door-closer-the-invisible-doorman-with-manners\/\" rel=\"bookmark\" style=\"border-radius: 10px; \n                                        width: 100%;\n                                        display: block;\n                                        background-size: cover;\n\t\t\t\t\t\t\t\t\t\tbackground-position:center;\t\t\n                                        background-image: url(https:\/\/www.xn--schlsseldienst-mnchen-cicm.de\/wp-content\/uploads\/door-closer-geze-black.webp );\">\n                                                                          <\/a>\n                                <\/div>\n                                <div class=\"con-col\">\n                                    <div class=\"entry-header\">\n                                        <h4 class=\"entry-title\"><a href=\"https:\/\/www.xn--schlsseldienst-mnchen-cicm.de\/en\/geze-door-closer-the-invisible-doorman-with-manners\/\" rel=\"bookmark\">GEZE Door Closer \u2013 The Invisible Doorman with Manners<\/a><\/h4>                                        <span style=\"color : #888888; font-size: 13px;\">  11. February 2026  <\/span>\n                                    <\/div><!-- .entry-header -->\n                                <\/div><!-- .entry-wrapper -->\n                            <\/div><!-- .article-inner-wrapper -->\n                        <\/article><!-- #post-## -->\n                                                <article id=\"posts-20579\" class=\"blog-article featured-article col col-xsmall-full article-3 col-large-one-third post-20579 post type-post status-publish format-standard has-post-thumbnail hentry category-lock-technology-en\" style=\"margin-bottom: 20px; padding-bottom: 20px; border-bottom: 1px solid #DEDEDE;\">\n                            <div class=\"article-inner-wrapper\" style=\"grid-template-columns: 40% 60%; grid-gap: 10px;\">\n                                <div class=\"con-col\">\n                                    <a href=\"https:\/\/www.xn--schlsseldienst-mnchen-cicm.de\/en\/what-is-a-window-fitting\/\" rel=\"bookmark\" style=\"border-radius: 10px; \n                                        width: 100%;\n                                        display: block;\n                                        background-size: cover;\n\t\t\t\t\t\t\t\t\t\tbackground-position:center;\t\t\n                                        background-image: url(https:\/\/www.xn--schlsseldienst-mnchen-cicm.de\/wp-content\/uploads\/Window-fitting.webp );\">\n                                                                          <\/a>\n                                <\/div>\n                                <div class=\"con-col\">\n                                    <div class=\"entry-header\">\n                                        <h4 class=\"entry-title\"><a href=\"https:\/\/www.xn--schlsseldienst-mnchen-cicm.de\/en\/what-is-a-window-fitting\/\" rel=\"bookmark\">What is a window fitting<\/a><\/h4>                                        <span style=\"color : #888888; font-size: 13px;\">  19. December 2023  <\/span>\n                                    <\/div><!-- .entry-header -->\n                                <\/div><!-- .entry-wrapper -->\n                            <\/div><!-- .article-inner-wrapper -->\n                        <\/article><!-- #post-## -->\n                                                <article id=\"posts-20615\" class=\"blog-article featured-article col col-xsmall-full article-4 col-large-one-third post-20615 post type-post status-publish format-standard has-post-thumbnail hentry category-insurance-en\" style=\"margin-bottom: 20px; padding-bottom: 20px; border-bottom: 1px solid #DEDEDE;\">\n                            <div class=\"article-inner-wrapper\" style=\"grid-template-columns: 40% 60%; grid-gap: 10px;\">\n                                <div class=\"con-col\">\n                                    <a href=\"https:\/\/www.xn--schlsseldienst-mnchen-cicm.de\/en\/when-does-liability-insurance-cover-the-costs-of-a-locksmith-call\/\" rel=\"bookmark\" style=\"border-radius: 10px; \n                                        width: 100%;\n                                        display: block;\n                                        background-size: cover;\n\t\t\t\t\t\t\t\t\t\tbackground-position:center;\t\t\n                                        background-image: url(https:\/\/www.xn--schlsseldienst-mnchen-cicm.de\/wp-content\/uploads\/calculator_image.webp );\">\n                                                                          <\/a>\n                                <\/div>\n                                <div class=\"con-col\">\n                                    <div class=\"entry-header\">\n                                        <h4 class=\"entry-title\"><a href=\"https:\/\/www.xn--schlsseldienst-mnchen-cicm.de\/en\/when-does-liability-insurance-cover-the-costs-of-a-locksmith-call\/\" rel=\"bookmark\">When does liability insurance cover the costs of a locksmith call?<\/a><\/h4>                                        <span style=\"color : #888888; font-size: 13px;\">  30. November 2023  <\/span>\n                                    <\/div><!-- .entry-header -->\n                                <\/div><!-- .entry-wrapper -->\n                            <\/div><!-- .article-inner-wrapper -->\n                        <\/article><!-- #post-## -->\n                                                <article id=\"posts-20622\" class=\"blog-article featured-article col col-xsmall-full article-5 col-large-one-third post-20622 post type-post status-publish format-standard has-post-thumbnail hentry category-lock-technology-en\" style=\"margin-bottom: 20px; padding-bottom: 20px; border-bottom: 1px solid #DEDEDE;\">\n                            <div class=\"article-inner-wrapper\" style=\"grid-template-columns: 40% 60%; grid-gap: 10px;\">\n                                <div class=\"con-col\">\n                                    <a href=\"https:\/\/www.xn--schlsseldienst-mnchen-cicm.de\/en\/what-is-a-hinge-side-lock\/\" rel=\"bookmark\" style=\"border-radius: 10px; \n                                        width: 100%;\n                                        display: block;\n                                        background-size: cover;\n\t\t\t\t\t\t\t\t\t\tbackground-position:center;\t\t\n                                        background-image: url(https:\/\/www.xn--schlsseldienst-mnchen-cicm.de\/wp-content\/uploads\/hinge-side-lock.webp );\">\n                                                                          <\/a>\n                                <\/div>\n                                <div class=\"con-col\">\n                                    <div class=\"entry-header\">\n                                        <h4 class=\"entry-title\"><a href=\"https:\/\/www.xn--schlsseldienst-mnchen-cicm.de\/en\/what-is-a-hinge-side-lock\/\" rel=\"bookmark\">What is a hinge side lock?<\/a><\/h4>                                        <span style=\"color : #888888; font-size: 13px;\">  3. November 2023  <\/span>\n                                    <\/div><!-- .entry-header -->\n                                <\/div><!-- .entry-wrapper -->\n                            <\/div><!-- .article-inner-wrapper -->\n                        <\/article><!-- #post-## -->\n                                <\/div><!-- .row -->\n    <\/div><!-- .showcase-popular-posts -->\n    [\/et_pb_code][et_pb_text _builder_version=\u201d4.27.5\u2033 _module_preset=\u201ddefault\u201d hover_enabled=\u201d0\u2033 global_colors_info=\u201d{}\u201d header_3_font_size=\u201d26px\u201d sticky_enabled=\u201d0\u2033]\n<h3>Categories<\/h3>\n<p>[\/et_pb_text][et_pb_code module_class=\u201dpost-list\u201d _builder_version=\u201d4.18.0\u2033 _module_preset=\u201ddefault\u201d global_colors_info=\u201d{}\u201d]<\/p><ul class=\"cat-con-list\">\t<li class=\"cat-item cat-item-24\"><a href=\"https:\/\/www.xn--schlsseldienst-mnchen-cicm.de\/en\/category\/insurance-en\/\">Insurance<span>(1)<\/span> <\/a> \n<\/li>\n\t<li class=\"cat-item cat-item-23\"><a href=\"https:\/\/www.xn--schlsseldienst-mnchen-cicm.de\/en\/category\/lock-technology-en\/\">Lock technology<span>(60)<\/span> <\/a> \n<\/li>\n\t<li class=\"cat-item cat-item-26\"><a href=\"https:\/\/www.xn--schlsseldienst-mnchen-cicm.de\/en\/category\/police-reports\/\">police reports<span>(1)<\/span> <\/a> \n<\/li>\n<\/ul>[\/et_pb_code][\/et_pb_column][\/et_pb_row][\/et_pb_section]\n","protected":false},"excerpt":{"rendered":"<p>A hinge side lock is a burglar-proof device. It reinforces the hinge side of a door, making it more difficult to remove the hinge. A hinge side lock is sometimes also referred to as a &#8220;lift-off device.&#8221; Such a device is suitable not only for exterior doors such as front doors, apartment doors, or cellar [&hellip;]<\/p>\n","protected":false},"author":1,"featured_media":15770,"parent":0,"menu_order":0,"comment_status":"closed","ping_status":"closed","template":"","meta":{"_et_pb_use_builder":"on","_et_pb_old_content":"","_et_gb_content_width":"","footnotes":""},"class_list":["post-16667","page","type-page","status-publish","has-post-thumbnail","hentry"],"yoast_head":"<!-- This site is optimized with the Yoast SEO plugin v27.4 - https:\/\/yoast.com\/product\/yoast-seo-wordpress\/ -->\n<title>Blog - Schl\u00fcsseldienst M\u00fcnchen<\/title>\n<meta name=\"robots\" content=\"noindex, nofollow\" \/>\n<meta property=\"og:locale\" content=\"en_US\" \/>\n<meta property=\"og:type\" content=\"article\" \/>\n<meta property=\"og:title\" content=\"Blog - Schl\u00fcsseldienst M\u00fcnchen\" \/>\n<meta property=\"og:description\" content=\"A hinge side lock is a burglar-proof device. It reinforces the hinge side of a door, making it more difficult to remove the hinge. A hinge side lock is sometimes also referred to as a &quot;lift-off device.&quot; Such a device is suitable not only for exterior doors such as front doors, apartment doors, or cellar [&hellip;]\" \/>\n<meta property=\"og:url\" content=\"https:\/\/www.xn--schlsseldienst-mnchen-cicm.de\/en\/blog\/\" \/>\n<meta property=\"og:site_name\" content=\"Schl\u00fcsseldienst M\u00fcnchen\" \/>\n<meta property=\"article:modified_time\" content=\"2026-01-07T02:57:19+00:00\" \/>\n<meta property=\"og:image\" content=\"https:\/\/www.xn--schlsseldienst-mnchen-cicm.de\/wp-content\/uploads\/schloss-schloesser_cropped.webp\" \/>\n\t<meta property=\"og:image:width\" content=\"809\" \/>\n\t<meta property=\"og:image:height\" content=\"809\" \/>\n\t<meta property=\"og:image:type\" content=\"image\/webp\" \/>\n<meta name=\"twitter:card\" content=\"summary_large_image\" \/>\n<meta name=\"twitter:label1\" content=\"Est. reading time\" \/>\n\t<meta name=\"twitter:data1\" content=\"1 minute\" \/>\n<script type=\"application\/ld+json\" class=\"yoast-schema-graph\">{\"@context\":\"https:\\\/\\\/schema.org\",\"@graph\":[{\"@type\":\"WebPage\",\"@id\":\"https:\\\/\\\/www.xn--schlsseldienst-mnchen-cicm.de\\\/en\\\/blog\\\/\",\"url\":\"https:\\\/\\\/www.xn--schlsseldienst-mnchen-cicm.de\\\/en\\\/blog\\\/\",\"name\":\"Blog - Schl\u00fcsseldienst M\u00fcnchen\",\"isPartOf\":{\"@id\":\"https:\\\/\\\/www.xn--schlsseldienst-mnchen-cicm.de\\\/en\\\/#website\"},\"primaryImageOfPage\":{\"@id\":\"https:\\\/\\\/www.xn--schlsseldienst-mnchen-cicm.de\\\/en\\\/blog\\\/#primaryimage\"},\"image\":{\"@id\":\"https:\\\/\\\/www.xn--schlsseldienst-mnchen-cicm.de\\\/en\\\/blog\\\/#primaryimage\"},\"thumbnailUrl\":\"https:\\\/\\\/www.xn--schlsseldienst-mnchen-cicm.de\\\/wp-content\\\/uploads\\\/schloss-schloesser_cropped.webp\",\"datePublished\":\"2022-11-30T07:06:41+00:00\",\"dateModified\":\"2026-01-07T02:57:19+00:00\",\"breadcrumb\":{\"@id\":\"https:\\\/\\\/www.xn--schlsseldienst-mnchen-cicm.de\\\/en\\\/blog\\\/#breadcrumb\"},\"inLanguage\":\"en-US\",\"potentialAction\":[{\"@type\":\"ReadAction\",\"target\":[\"https:\\\/\\\/www.xn--schlsseldienst-mnchen-cicm.de\\\/en\\\/blog\\\/\"]}]},{\"@type\":\"ImageObject\",\"inLanguage\":\"en-US\",\"@id\":\"https:\\\/\\\/www.xn--schlsseldienst-mnchen-cicm.de\\\/en\\\/blog\\\/#primaryimage\",\"url\":\"https:\\\/\\\/www.xn--schlsseldienst-mnchen-cicm.de\\\/wp-content\\\/uploads\\\/schloss-schloesser_cropped.webp\",\"contentUrl\":\"https:\\\/\\\/www.xn--schlsseldienst-mnchen-cicm.de\\\/wp-content\\\/uploads\\\/schloss-schloesser_cropped.webp\",\"width\":809,\"height\":809},{\"@type\":\"BreadcrumbList\",\"@id\":\"https:\\\/\\\/www.xn--schlsseldienst-mnchen-cicm.de\\\/en\\\/blog\\\/#breadcrumb\",\"itemListElement\":[{\"@type\":\"ListItem\",\"position\":1,\"name\":\"Startseite\",\"item\":\"https:\\\/\\\/www.xn--schlsseldienst-mnchen-cicm.de\\\/en\\\/\"},{\"@type\":\"ListItem\",\"position\":2,\"name\":\"Blog\"}]},{\"@type\":\"WebSite\",\"@id\":\"https:\\\/\\\/www.xn--schlsseldienst-mnchen-cicm.de\\\/en\\\/#website\",\"url\":\"https:\\\/\\\/www.xn--schlsseldienst-mnchen-cicm.de\\\/en\\\/\",\"name\":\"Schl\u00fcsseldienst M\u00fcnchen\",\"description\":\"\",\"potentialAction\":[{\"@type\":\"SearchAction\",\"target\":{\"@type\":\"EntryPoint\",\"urlTemplate\":\"https:\\\/\\\/www.xn--schlsseldienst-mnchen-cicm.de\\\/en\\\/?s={search_term_string}\"},\"query-input\":{\"@type\":\"PropertyValueSpecification\",\"valueRequired\":true,\"valueName\":\"search_term_string\"}}],\"inLanguage\":\"en-US\"}]}<\/script>\n<!-- \/ Yoast SEO plugin. -->","yoast_head_json":{"title":"Blog - Schl\u00fcsseldienst M\u00fcnchen","robots":{"index":"noindex","follow":"nofollow"},"og_locale":"en_US","og_type":"article","og_title":"Blog - Schl\u00fcsseldienst M\u00fcnchen","og_description":"A hinge side lock is a burglar-proof device. It reinforces the hinge side of a door, making it more difficult to remove the hinge. A hinge side lock is sometimes also referred to as a \"lift-off device.\" Such a device is suitable not only for exterior doors such as front doors, apartment doors, or cellar [&hellip;]","og_url":"https:\/\/www.xn--schlsseldienst-mnchen-cicm.de\/en\/blog\/","og_site_name":"Schl\u00fcsseldienst M\u00fcnchen","article_modified_time":"2026-01-07T02:57:19+00:00","og_image":[{"width":809,"height":809,"url":"https:\/\/www.xn--schlsseldienst-mnchen-cicm.de\/wp-content\/uploads\/schloss-schloesser_cropped.webp","type":"image\/webp"}],"twitter_card":"summary_large_image","twitter_misc":{"Est. reading time":"1 minute"},"schema":{"@context":"https:\/\/schema.org","@graph":[{"@type":"WebPage","@id":"https:\/\/www.xn--schlsseldienst-mnchen-cicm.de\/en\/blog\/","url":"https:\/\/www.xn--schlsseldienst-mnchen-cicm.de\/en\/blog\/","name":"Blog - Schl\u00fcsseldienst M\u00fcnchen","isPartOf":{"@id":"https:\/\/www.xn--schlsseldienst-mnchen-cicm.de\/en\/#website"},"primaryImageOfPage":{"@id":"https:\/\/www.xn--schlsseldienst-mnchen-cicm.de\/en\/blog\/#primaryimage"},"image":{"@id":"https:\/\/www.xn--schlsseldienst-mnchen-cicm.de\/en\/blog\/#primaryimage"},"thumbnailUrl":"https:\/\/www.xn--schlsseldienst-mnchen-cicm.de\/wp-content\/uploads\/schloss-schloesser_cropped.webp","datePublished":"2022-11-30T07:06:41+00:00","dateModified":"2026-01-07T02:57:19+00:00","breadcrumb":{"@id":"https:\/\/www.xn--schlsseldienst-mnchen-cicm.de\/en\/blog\/#breadcrumb"},"inLanguage":"en-US","potentialAction":[{"@type":"ReadAction","target":["https:\/\/www.xn--schlsseldienst-mnchen-cicm.de\/en\/blog\/"]}]},{"@type":"ImageObject","inLanguage":"en-US","@id":"https:\/\/www.xn--schlsseldienst-mnchen-cicm.de\/en\/blog\/#primaryimage","url":"https:\/\/www.xn--schlsseldienst-mnchen-cicm.de\/wp-content\/uploads\/schloss-schloesser_cropped.webp","contentUrl":"https:\/\/www.xn--schlsseldienst-mnchen-cicm.de\/wp-content\/uploads\/schloss-schloesser_cropped.webp","width":809,"height":809},{"@type":"BreadcrumbList","@id":"https:\/\/www.xn--schlsseldienst-mnchen-cicm.de\/en\/blog\/#breadcrumb","itemListElement":[{"@type":"ListItem","position":1,"name":"Startseite","item":"https:\/\/www.xn--schlsseldienst-mnchen-cicm.de\/en\/"},{"@type":"ListItem","position":2,"name":"Blog"}]},{"@type":"WebSite","@id":"https:\/\/www.xn--schlsseldienst-mnchen-cicm.de\/en\/#website","url":"https:\/\/www.xn--schlsseldienst-mnchen-cicm.de\/en\/","name":"Schl\u00fcsseldienst M\u00fcnchen","description":"","potentialAction":[{"@type":"SearchAction","target":{"@type":"EntryPoint","urlTemplate":"https:\/\/www.xn--schlsseldienst-mnchen-cicm.de\/en\/?s={search_term_string}"},"query-input":{"@type":"PropertyValueSpecification","valueRequired":true,"valueName":"search_term_string"}}],"inLanguage":"en-US"}]}},"_links":{"self":[{"href":"https:\/\/www.xn--schlsseldienst-mnchen-cicm.de\/en\/wp-json\/wp\/v2\/pages\/16667","targetHints":{"allow":["GET"]}}],"collection":[{"href":"https:\/\/www.xn--schlsseldienst-mnchen-cicm.de\/en\/wp-json\/wp\/v2\/pages"}],"about":[{"href":"https:\/\/www.xn--schlsseldienst-mnchen-cicm.de\/en\/wp-json\/wp\/v2\/types\/page"}],"author":[{"embeddable":true,"href":"https:\/\/www.xn--schlsseldienst-mnchen-cicm.de\/en\/wp-json\/wp\/v2\/users\/1"}],"replies":[{"embeddable":true,"href":"https:\/\/www.xn--schlsseldienst-mnchen-cicm.de\/en\/wp-json\/wp\/v2\/comments?post=16667"}],"version-history":[{"count":5,"href":"https:\/\/www.xn--schlsseldienst-mnchen-cicm.de\/en\/wp-json\/wp\/v2\/pages\/16667\/revisions"}],"predecessor-version":[{"id":21529,"href":"https:\/\/www.xn--schlsseldienst-mnchen-cicm.de\/en\/wp-json\/wp\/v2\/pages\/16667\/revisions\/21529"}],"wp:featuredmedia":[{"embeddable":true,"href":"https:\/\/www.xn--schlsseldienst-mnchen-cicm.de\/en\/wp-json\/wp\/v2\/media\/15770"}],"wp:attachment":[{"href":"https:\/\/www.xn--schlsseldienst-mnchen-cicm.de\/en\/wp-json\/wp\/v2\/media?parent=16667"}],"curies":[{"name":"wp","href":"https:\/\/api.w.org\/{rel}","templated":true}]}}