{"id":18556,"date":"2017-07-21T19:01:19","date_gmt":"2017-07-21T17:01:19","guid":{"rendered":"https:\/\/www.xn--schlsseldienst-mnchen-cicm.de\/impressum\/"},"modified":"2026-01-14T03:42:40","modified_gmt":"2026-01-14T02:42:40","slug":"imprint","status":"publish","type":"page","link":"https:\/\/www.xn--schlsseldienst-mnchen-cicm.de\/en\/imprint\/","title":{"rendered":"Imprint"},"content":{"rendered":"<p>[et_pb_section fb_built=\u201d1\u2033 fullwidth=\u201don\u201d _builder_version=\u201d4.16\u2033 global_colors_info=\u201d{}\u201d][et_pb_fullwidth_slider _builder_version=\u201d4.16\u2033 custom_padding=\u201d|||\u201d custom_padding_tablet=\u201d|||\u201d custom_padding_phone=\u201d|||\u201d box_shadow_style=\u201dpreset6\u2033 box_shadow_blur=\u201d10px\u201d box_shadow_color=\u201drgba(0,0,0,0.1)\u201d remove_inner_shadow=\u201doff\u201d hide_content_on_mobile=\u201doff\u201d hide_cta_on_mobile=\u201doff\u201d show_inner_shadow=\u201don\u201d button_letter_spacing_hover=\u201d0\u2033 global_colors_info=\u201d{}\u201d button_text_size__hover_enabled=\u201doff\u201d button_one_text_size__hover_enabled=\u201doff\u201d button_two_text_size__hover_enabled=\u201doff\u201d button_text_color__hover_enabled=\u201doff\u201d button_one_text_color__hover_enabled=\u201doff\u201d button_two_text_color__hover_enabled=\u201doff\u201d button_border_width__hover_enabled=\u201doff\u201d button_one_border_width__hover_enabled=\u201doff\u201d button_two_border_width__hover_enabled=\u201doff\u201d button_border_color__hover_enabled=\u201doff\u201d button_one_border_color__hover_enabled=\u201doff\u201d button_two_border_color__hover_enabled=\u201doff\u201d button_border_radius__hover_enabled=\u201doff\u201d button_one_border_radius__hover_enabled=\u201doff\u201d button_two_border_radius__hover_enabled=\u201doff\u201d button_letter_spacing__hover_enabled=\u201don\u201d button_letter_spacing__hover=\u201d0\u2033 button_one_letter_spacing__hover_enabled=\u201doff\u201d button_two_letter_spacing__hover_enabled=\u201doff\u201d button_bg_color__hover_enabled=\u201doff\u201d button_one_bg_color__hover_enabled=\u201doff\u201d button_two_bg_color__hover_enabled=\u201doff\u201d][et_pb_slide use_bg_overlay=\u201doff\u201d use_text_overlay=\u201doff\u201d _builder_version=\u201d4.16\u2033 header_font=\u201d||||\u201d body_font=\u201d||||\u201d background_color=\u201d#ffffff\u201d background_image=\u201dhttps:\/\/www.xn--schlsseldienst-mnchen-cicm.de\/wp-content\/uploads\/schluesseldienst-muenchen-header-bild.webp\u201d background_position=\u201dtop_left\u201d button_icon_placement=\u201dright\u201d button_on_hover=\u201don\u201d global_colors_info=\u201d{}\u201d button_text_size__hover_enabled=\u201doff\u201d button_one_text_size__hover_enabled=\u201doff\u201d button_two_text_size__hover_enabled=\u201doff\u201d button_text_color__hover_enabled=\u201doff\u201d button_one_text_color__hover_enabled=\u201doff\u201d button_two_text_color__hover_enabled=\u201doff\u201d button_border_width__hover_enabled=\u201doff\u201d button_one_border_width__hover_enabled=\u201doff\u201d button_two_border_width__hover_enabled=\u201doff\u201d button_border_color__hover_enabled=\u201doff\u201d button_one_border_color__hover_enabled=\u201doff\u201d button_two_border_color__hover_enabled=\u201doff\u201d button_border_radius__hover_enabled=\u201doff\u201d button_one_border_radius__hover_enabled=\u201doff\u201d button_two_border_radius__hover_enabled=\u201doff\u201d button_letter_spacing__hover_enabled=\u201doff\u201d button_one_letter_spacing__hover_enabled=\u201doff\u201d button_two_letter_spacing__hover_enabled=\u201doff\u201d button_bg_color__hover_enabled=\u201doff\u201d button_one_bg_color__hover_enabled=\u201doff\u201d button_two_bg_color__hover_enabled=\u201doff\u201d sticky_transition=\u201don\u201d][\/et_pb_slide][\/et_pb_fullwidth_slider][\/et_pb_section][et_pb_section fb_built=\u201d1\u2033 _builder_version=\u201d4.16\u2033 global_colors_info=\u201d{}\u201d][et_pb_row column_structure=\u201d2_3,1_3\u2033 _builder_version=\u201d4.16\u2033 background_size=\u201dinitial\u201d background_position=\u201dtop_left\u201d background_repeat=\u201drepeat\u201d global_colors_info=\u201d{}\u201d][et_pb_column type=\u201d2_3\u2033 _builder_version=\u201d4.16\u2033 custom_padding=\u201d|||\u201d global_colors_info=\u201d{}\u201d custom_padding__hover=\u201d|||\u201d][et_pb_accordion _builder_version=\u201d4.27.5\u2033 hover_enabled=\u201d0\u2033 border_style=\u201dsolid\u201d global_colors_info=\u201d{}\u201d sticky_enabled=\u201d0\u2033 toggle_level=\u201dh3\u2033][et_pb_accordion_item open=\u201don\u201d open_toggle_background_color=\u201d#ededed\u201d _builder_version=\u201d4.27.5\u2033 hover_enabled=\u201d0\u2033 global_colors_info=\u201d{}\u201d title=\u201dImprint\u201d custom_css_free_form=\u201d.et_pb_toggle_title {|| display: none !important;||}\u201d sticky_enabled=\u201d0\u2033]<\/p>\n<h1>Imprint<\/h1>\n<p>Munich Locksmith Service<br>Owner: Herbert Pichelmaier<br>Maximilianstra\u00dfe 2<br>80539 Munich<\/p>\n<p>Munich landline number: 089 330 900 90<br>Toll-free emergency number: 0800 100 22 66<br>Email: info@schl\u00fcsseldienst-m\u00fcnchen.de<\/p>\n<p>VAT ID: DE222161711<br>Tax number: 14613330748<\/p>\n<p><strong>Image credits<\/strong><br><strong>Maps of Munich\u2019s districts:<\/strong><br>Maximilian D\u00f6rrbecker (Chumwa) \/ Wikipedia<br><strong>Map of the Munich district, images of municipalities:<\/strong><br>Hagar66 \/ Wikimedia Commons<br>M-Luftbild \/ Wikimedia Commons<br>Flummi-2011 \/ Wikimedia Commons<br>LepoRello \/ Wikimedia Commons<br>Oliver Raupach \/ Wikimedia Commons<br>Rufus46 \/ Wikimedia Commons<br>Gras-Ober \/ Wikimedia Commons<br>Dirk from Munich \/ Wikimedia Commons<br>bukk \/ Wikimedia Commons<\/p>\n<p><strong>This imprint also applies to our Facebook fan page: https:\/\/web.facebook.com\/Schl%C3%BCsseldienst-M%C3%BCnchen-573937029624454<\/strong><\/p>\n<h2>Disclaimer<\/h2>\n<h3>Liability for Content<\/h3>\n<p>The content of our pages was created with the utmost care. However, we cannot guarantee the accuracy, completeness, or timeliness of the content. As a service provider, we are responsible for our own content on these pages in accordance with Section 7 (1) of the German Telemedia Act (TMG). However, according to Sections 8 to 10 of the German Telemedia Act (TMG), we are not obligated as a service provider to monitor transmitted or stored third-party information or to investigate circumstances that indicate illegal activity. Obligations to remove or block the use of information under general law remain unaffected. In this case, liability is only possible at the time of knowledge about a specific violation of law. Upon notification of such violations, we will remove this content immediately.<\/p>\n<h3>Liability for Links<\/h3>\n<p>Our website contains links to external third-party websites over whose content we have no influence. Therefore, we cannot accept any liability for this external content. The respective provider or operator of the linked pages is always responsible for the content of the linked pages. The linked pages were reviewed for possible violations of law at the time of linking. Illegal content was not recognizable at the time of linking. However, permanent monitoring of the content of the linked pages is unreasonable without concrete evidence of a violation of law. Upon notification of violations of law, we will remove such links immediately.<\/p>\n<h2>Copyright<\/h2>\n<p>The content and works on these pages created by the website operators are subject to German copyright law. Reproduction, processing, distribution, and any type of exploitation outside the limits of copyright law require the written consent of the respective author or creator. Downloads and copies of this site are permitted for private, non-commercial use only. To the extent that the content on this site was not created by the operator, the copyrights of third parties are respected. In particular, third-party content is marked as such. Should you nevertheless become aware of a copyright infringement, please notify us accordingly. Upon notification of any violations, we will remove such content immediately.<\/p>\n<p>[\/et_pb_accordion_item][\/et_pb_accordion][\/et_pb_column][et_pb_column type=\u201d1_3\u2033 _builder_version=\u201d4.16\u2033 custom_padding=\u201d|||\u201d global_colors_info=\u201d{}\u201d custom_padding__hover=\u201d|||\u201d][et_pb_blurb title=\u201dFast service\u201d image=\u201d\/wp-content\/uploads\/aufsteigende-rakete.webp\u201d image_icon_width=\u201dnone\u201d _builder_version=\u201d4.27.5\u2033 text_orientation=\u201dcenter\u201d hover_enabled=\u201d0\u2033 border_style=\u201dsolid\u201d image_max_width=\u201dnone\u201d saved_tabs=\u201dall\u201d global_colors_info=\u201d{}\u201d header_level=\u201dh3\u2033 sticky_enabled=\u201d0\u2033]<\/p>\n<p>We stand for fast and reliable service! We\u2019ll be at your location within an average of 30 minutes to open your door professionally and without causing any damage!<\/p>\n<p>[\/et_pb_blurb][et_pb_blurb title=\u201dToll-free emergency number\u201d image_icon_background_color=\u201d#ffffff\u201d image_icon_width=\u201d105px\u201d _builder_version=\u201d4.27.5\u2033 image_icon_custom_padding=\u201d25px|25px|25px|25px|false|false\u201d text_orientation=\u201dcenter\u201d hover_enabled=\u201d0\u2033 border_radii_image=\u201don|100%|100%|100%|100%\u201d border_width_all_image=\u201d3px\u201d border_color_all_image=\u201d#2ea3f2\u2033 border_style=\u201dsolid\u201d use_circle=\u201don\u201d use_circle_border=\u201don\u201d circle_color=\u201d#ffffff\u201d saved_tabs=\u201dall\u201d global_colors_info=\u201d{}\u201d image_icon_background_color__sticky_enabled=\u201d#2ea3f2\u2033 image_icon_background_color__sticky=\u201d#2ea3f2\u2033 title_text=\u201dthumbs-up-icon\u201d image=\u201dhttps:\/\/www.xn--schlsseldienst-mnchen-cicm.de\/wp-content\/uploads\/thumbs-up-icon.webp\u201d sticky_enabled=\u201d0\u2033]<\/p>\n<p>We\u2019re here to help you 24\/7, every day of the year, whether at night, on Sundays, or on holidays! Our toll-free emergency number is: <a href=\"tel:+498001002266\">0800 100 22 66<\/a><\/p>\n<p>[\/et_pb_blurb][et_pb_blurb title=\u201dLegitimation &amp; Authorization\u201d image_icon_background_color=\u201d#ffffff\u201d image_icon_width=\u201d105px\u201d _builder_version=\u201d4.27.5\u2033 image_icon_custom_padding=\u201d25px|25px|25px|25px|false|false\u201d text_orientation=\u201dcenter\u201d hover_enabled=\u201d0\u2033 border_radii_image=\u201don|100%|100%|100%|100%\u201d border_width_all_image=\u201d3px\u201d border_color_all_image=\u201d#2ea3f2\u2033 border_style=\u201dsolid\u201d use_circle=\u201don\u201d use_circle_border=\u201don\u201d circle_color=\u201d#ffffff\u201d saved_tabs=\u201dall\u201d global_colors_info=\u201d{}\u201d image_icon_background_color__sticky_enabled=\u201d#2ea3f2\u2033 image_icon_background_color__sticky=\u201d#2ea3f2\u2033 title_text=\u201dcp-icon\u201d image=\u201dhttps:\/\/www.xn--schlsseldienst-mnchen-cicm.de\/wp-content\/uploads\/cp-icon.webp\u201d sticky_enabled=\u201d0\u2033]<\/p>\n<p>Wir arbeiten sorgf\u00e4ltig und gewissenhaft und \u00fcberpr\u00fcfen deswegen vor T\u00fcr\u00f6ffnung ausnahmslos die jeweilige Berechtigung! Ohne klaren Nachweis sperren wir T\u00fcren nur im Beisein der Polizei auf!<\/p>\n<p>[\/et_pb_blurb][et_pb_blurb title=\u201dFAIR PRICING\u201d image_icon_background_color=\u201d#ffffff\u201d image_icon_width=\u201d105px\u201d _builder_version=\u201d4.27.5\u2033 image_icon_custom_padding=\u201d25px|25px|25px|25px|false|false\u201d text_orientation=\u201dcenter\u201d hover_enabled=\u201d0\u2033 border_radii_image=\u201don|100%|100%|100%|100%\u201d border_width_all_image=\u201d3px\u201d border_color_all_image=\u201d#2ea3f2\u2033 border_style=\u201dsolid\u201d use_circle=\u201don\u201d use_circle_border=\u201don\u201d circle_color=\u201d#ffffff\u201d saved_tabs=\u201dall\u201d global_colors_info=\u201d{}\u201d image_icon_background_color__sticky_enabled=\u201d#2ea3f2\u2033 image_icon_background_color__sticky=\u201d#2ea3f2\u2033 title_text=\u201ddocx-search-icon\u201d image=\u201dhttps:\/\/www.xn--schlsseldienst-mnchen-cicm.de\/wp-content\/uploads\/docx-search-icon.webp\u201d sticky_enabled=\u201d0\u2033]<\/p>\n<p>Fair and transparent pricing is very important to us. Upon request, we will be happy to provide you with a fixed, binding price upon call. You can read how our prices are generally structured here.<\/p>\n<p>[\/et_pb_blurb][\/et_pb_column][\/et_pb_row][\/et_pb_section][et_pb_section fb_built=\u201d1\u2033 _builder_version=\u201d4.16\u2033 global_colors_info=\u201d{}\u201d][et_pb_row _builder_version=\u201d4.16\u2033 background_size=\u201dinitial\u201d background_position=\u201dtop_left\u201d background_repeat=\u201drepeat\u201d global_colors_info=\u201d{}\u201d][\/et_pb_row][\/et_pb_section]<\/p>\n","protected":false},"excerpt":{"rendered":"<p>Imprint Munich Locksmith ServiceOwner: Herbert PichelmaierMaximilianstra\u00dfe 280539 Munich Munich landline number: 089 330 900 90Toll-free emergency number: 0800 100 22 66Email: info@schl\u00fcsseldienst-m\u00fcnchen.de VAT ID: DE222161711Tax number: 14613330748 Image creditsMaps of Munich&#8217;s districts:Maximilian D\u00f6rrbecker (Chumwa) \/ WikipediaMap of the Munich district, images of municipalities:Hagar66 \/ Wikimedia CommonsM-Luftbild \/ Wikimedia CommonsFlummi-2011 \/ Wikimedia CommonsLepoRello \/ Wikimedia CommonsOliver [&hellip;]<\/p>\n","protected":false},"author":1,"featured_media":0,"parent":0,"menu_order":5,"comment_status":"closed","ping_status":"closed","template":"","meta":{"_et_pb_use_builder":"on","_et_pb_old_content":"","_et_gb_content_width":"","footnotes":""},"class_list":["post-18556","page","type-page","status-publish","hentry"],"yoast_head":"<!-- This site is optimized with the Yoast SEO plugin v27.4 - https:\/\/yoast.com\/product\/yoast-seo-wordpress\/ -->\n<title>Imprint - Locksmith Munich - Herbert Pichelmaier<\/title>\n<meta name=\"description\" content=\"Imprint of the website http:\/\/www.schl\u00fcsseldienst-m\u00fcnchen.de: Disclaimer, copyright, data protection and use of Google Analytics.\" \/>\n<meta name=\"robots\" content=\"noindex, follow\" \/>\n<meta property=\"og:locale\" content=\"en_US\" \/>\n<meta property=\"og:type\" content=\"article\" \/>\n<meta property=\"og:title\" content=\"Imprint - Locksmith Munich - Herbert Pichelmaier\" \/>\n<meta property=\"og:description\" content=\"Imprint of the website http:\/\/www.schl\u00fcsseldienst-m\u00fcnchen.de: Disclaimer, copyright, data protection and use of Google Analytics.\" \/>\n<meta property=\"og:url\" content=\"https:\/\/www.xn--schlsseldienst-mnchen-cicm.de\/en\/imprint\/\" \/>\n<meta property=\"og:site_name\" content=\"Schl\u00fcsseldienst M\u00fcnchen\" \/>\n<meta property=\"article:modified_time\" content=\"2026-01-14T02:42:40+00:00\" \/>\n<meta name=\"twitter:card\" content=\"summary_large_image\" \/>\n<meta name=\"twitter:label1\" content=\"Est. reading time\" \/>\n\t<meta name=\"twitter:data1\" content=\"3 minutes\" \/>\n<script type=\"application\/ld+json\" class=\"yoast-schema-graph\">{\"@context\":\"https:\\\/\\\/schema.org\",\"@graph\":[{\"@type\":\"WebPage\",\"@id\":\"https:\\\/\\\/www.xn--schlsseldienst-mnchen-cicm.de\\\/en\\\/imprint\\\/\",\"url\":\"https:\\\/\\\/www.xn--schlsseldienst-mnchen-cicm.de\\\/en\\\/imprint\\\/\",\"name\":\"Imprint - Locksmith Munich - Herbert Pichelmaier\",\"isPartOf\":{\"@id\":\"https:\\\/\\\/www.xn--schlsseldienst-mnchen-cicm.de\\\/en\\\/#website\"},\"datePublished\":\"2017-07-21T17:01:19+00:00\",\"dateModified\":\"2026-01-14T02:42:40+00:00\",\"description\":\"Imprint of the website http:\\\/\\\/www.schl\u00fcsseldienst-m\u00fcnchen.de: Disclaimer, copyright, data protection and use of Google Analytics.\",\"breadcrumb\":{\"@id\":\"https:\\\/\\\/www.xn--schlsseldienst-mnchen-cicm.de\\\/en\\\/imprint\\\/#breadcrumb\"},\"inLanguage\":\"en-US\",\"potentialAction\":[{\"@type\":\"ReadAction\",\"target\":[\"https:\\\/\\\/www.xn--schlsseldienst-mnchen-cicm.de\\\/en\\\/imprint\\\/\"]}]},{\"@type\":\"BreadcrumbList\",\"@id\":\"https:\\\/\\\/www.xn--schlsseldienst-mnchen-cicm.de\\\/en\\\/imprint\\\/#breadcrumb\",\"itemListElement\":[{\"@type\":\"ListItem\",\"position\":1,\"name\":\"Startseite\",\"item\":\"https:\\\/\\\/www.xn--schlsseldienst-mnchen-cicm.de\\\/en\\\/\"},{\"@type\":\"ListItem\",\"position\":2,\"name\":\"Imprint\"}]},{\"@type\":\"WebSite\",\"@id\":\"https:\\\/\\\/www.xn--schlsseldienst-mnchen-cicm.de\\\/en\\\/#website\",\"url\":\"https:\\\/\\\/www.xn--schlsseldienst-mnchen-cicm.de\\\/en\\\/\",\"name\":\"Schl\u00fcsseldienst M\u00fcnchen\",\"description\":\"\",\"potentialAction\":[{\"@type\":\"SearchAction\",\"target\":{\"@type\":\"EntryPoint\",\"urlTemplate\":\"https:\\\/\\\/www.xn--schlsseldienst-mnchen-cicm.de\\\/en\\\/?s={search_term_string}\"},\"query-input\":{\"@type\":\"PropertyValueSpecification\",\"valueRequired\":true,\"valueName\":\"search_term_string\"}}],\"inLanguage\":\"en-US\"}]}<\/script>\n<!-- \/ Yoast SEO plugin. -->","yoast_head_json":{"title":"Imprint - Locksmith Munich - Herbert Pichelmaier","description":"Imprint of the website http:\/\/www.schl\u00fcsseldienst-m\u00fcnchen.de: Disclaimer, copyright, data protection and use of Google Analytics.","robots":{"index":"noindex","follow":"follow"},"og_locale":"en_US","og_type":"article","og_title":"Imprint - Locksmith Munich - Herbert Pichelmaier","og_description":"Imprint of the website http:\/\/www.schl\u00fcsseldienst-m\u00fcnchen.de: Disclaimer, copyright, data protection and use of Google Analytics.","og_url":"https:\/\/www.xn--schlsseldienst-mnchen-cicm.de\/en\/imprint\/","og_site_name":"Schl\u00fcsseldienst M\u00fcnchen","article_modified_time":"2026-01-14T02:42:40+00:00","twitter_card":"summary_large_image","twitter_misc":{"Est. reading time":"3 minutes"},"schema":{"@context":"https:\/\/schema.org","@graph":[{"@type":"WebPage","@id":"https:\/\/www.xn--schlsseldienst-mnchen-cicm.de\/en\/imprint\/","url":"https:\/\/www.xn--schlsseldienst-mnchen-cicm.de\/en\/imprint\/","name":"Imprint - Locksmith Munich - Herbert Pichelmaier","isPartOf":{"@id":"https:\/\/www.xn--schlsseldienst-mnchen-cicm.de\/en\/#website"},"datePublished":"2017-07-21T17:01:19+00:00","dateModified":"2026-01-14T02:42:40+00:00","description":"Imprint of the website http:\/\/www.schl\u00fcsseldienst-m\u00fcnchen.de: Disclaimer, copyright, data protection and use of Google Analytics.","breadcrumb":{"@id":"https:\/\/www.xn--schlsseldienst-mnchen-cicm.de\/en\/imprint\/#breadcrumb"},"inLanguage":"en-US","potentialAction":[{"@type":"ReadAction","target":["https:\/\/www.xn--schlsseldienst-mnchen-cicm.de\/en\/imprint\/"]}]},{"@type":"BreadcrumbList","@id":"https:\/\/www.xn--schlsseldienst-mnchen-cicm.de\/en\/imprint\/#breadcrumb","itemListElement":[{"@type":"ListItem","position":1,"name":"Startseite","item":"https:\/\/www.xn--schlsseldienst-mnchen-cicm.de\/en\/"},{"@type":"ListItem","position":2,"name":"Imprint"}]},{"@type":"WebSite","@id":"https:\/\/www.xn--schlsseldienst-mnchen-cicm.de\/en\/#website","url":"https:\/\/www.xn--schlsseldienst-mnchen-cicm.de\/en\/","name":"Schl\u00fcsseldienst M\u00fcnchen","description":"","potentialAction":[{"@type":"SearchAction","target":{"@type":"EntryPoint","urlTemplate":"https:\/\/www.xn--schlsseldienst-mnchen-cicm.de\/en\/?s={search_term_string}"},"query-input":{"@type":"PropertyValueSpecification","valueRequired":true,"valueName":"search_term_string"}}],"inLanguage":"en-US"}]}},"_links":{"self":[{"href":"https:\/\/www.xn--schlsseldienst-mnchen-cicm.de\/en\/wp-json\/wp\/v2\/pages\/18556","targetHints":{"allow":["GET"]}}],"collection":[{"href":"https:\/\/www.xn--schlsseldienst-mnchen-cicm.de\/en\/wp-json\/wp\/v2\/pages"}],"about":[{"href":"https:\/\/www.xn--schlsseldienst-mnchen-cicm.de\/en\/wp-json\/wp\/v2\/types\/page"}],"author":[{"embeddable":true,"href":"https:\/\/www.xn--schlsseldienst-mnchen-cicm.de\/en\/wp-json\/wp\/v2\/users\/1"}],"replies":[{"embeddable":true,"href":"https:\/\/www.xn--schlsseldienst-mnchen-cicm.de\/en\/wp-json\/wp\/v2\/comments?post=18556"}],"version-history":[{"count":4,"href":"https:\/\/www.xn--schlsseldienst-mnchen-cicm.de\/en\/wp-json\/wp\/v2\/pages\/18556\/revisions"}],"predecessor-version":[{"id":22072,"href":"https:\/\/www.xn--schlsseldienst-mnchen-cicm.de\/en\/wp-json\/wp\/v2\/pages\/18556\/revisions\/22072"}],"wp:attachment":[{"href":"https:\/\/www.xn--schlsseldienst-mnchen-cicm.de\/en\/wp-json\/wp\/v2\/media?parent=18556"}],"curies":[{"name":"wp","href":"https:\/\/api.w.org\/{rel}","templated":true}]}}